{"id":66305,"date":"2023-09-05T14:13:43","date_gmt":"2023-09-05T14:13:43","guid":{"rendered":"https:\/\/www.in.yoga\/?page_id=66305"},"modified":"2023-09-05T14:26:15","modified_gmt":"2023-09-05T14:26:15","slug":"yoga-physiologie-psychosomatique-et-bioenergetique","status":"publish","type":"page","link":"https:\/\/www.in.yoga\/fr\/yoga-physiologie-psychosomatique-et-bioenergetique\/","title":{"rendered":"Yoga: physiologie, psychosomatique et bio\u00e9nerg\u00e9tique"},"content":{"rendered":"\t\t<div data-elementor-type=\"wp-post\" data-elementor-id=\"66305\" class=\"elementor elementor-66305\" data-elementor-post-type=\"page\">\n\t\t\t\t\t\t<section class=\"elementor-section elementor-top-section elementor-element elementor-element-c3b37ab elementor-section-boxed elementor-section-height-default elementor-section-height-default\" data-id=\"c3b37ab\" data-element_type=\"section\" data-e-type=\"section\">\n\t\t\t\t\t\t<div class=\"elementor-container elementor-column-gap-default\">\n\t\t\t\t\t<div class=\"elementor-column elementor-col-100 elementor-top-column elementor-element elementor-element-f04b761\" data-id=\"f04b761\" data-element_type=\"column\" data-e-type=\"column\">\n\t\t\t<div class=\"elementor-widget-wrap elementor-element-populated\">\n\t\t\t\t\t\t<div class=\"elementor-element elementor-element-9fe613a elementor-widget elementor-widget-spacer\" data-id=\"9fe613a\" data-element_type=\"widget\" data-e-type=\"widget\" data-widget_type=\"spacer.default\">\n\t\t\t\t<div class=\"elementor-widget-container\">\n\t\t\t\t\t\t\t<div class=\"elementor-spacer\">\n\t\t\t<div class=\"elementor-spacer-inner\"><\/div>\n\t\t<\/div>\n\t\t\t\t\t\t<\/div>\n\t\t\t\t<\/div>\n\t\t\t\t\t<\/div>\n\t\t<\/div>\n\t\t\t\t\t<\/div>\n\t\t<\/section>\n\t\t\t\t<section class=\"elementor-section elementor-top-section elementor-element elementor-element-de485a2 home_icon_box elementor-section-boxed elementor-section-height-default elementor-section-height-default\" data-id=\"de485a2\" data-element_type=\"section\" data-e-type=\"section\" data-settings=\"{&quot;animation&quot;:&quot;none&quot;}\">\n\t\t\t\t\t\t<div class=\"elementor-container elementor-column-gap-default\">\n\t\t\t\t\t<div class=\"elementor-column elementor-col-33 elementor-top-column elementor-element elementor-element-45a4123\" data-id=\"45a4123\" data-element_type=\"column\" data-e-type=\"column\">\n\t\t\t<div class=\"elementor-widget-wrap\">\n\t\t\t\t\t\t\t<\/div>\n\t\t<\/div>\n\t\t\t\t<div class=\"elementor-column elementor-col-33 elementor-top-column elementor-element elementor-element-a90b226\" data-id=\"a90b226\" data-element_type=\"column\" data-e-type=\"column\">\n\t\t\t<div class=\"elementor-widget-wrap elementor-element-populated\">\n\t\t\t\t\t\t<div class=\"elementor-element elementor-element-f17ac03 elementor-widget elementor-widget-image\" data-id=\"f17ac03\" data-element_type=\"widget\" data-e-type=\"widget\" data-widget_type=\"image.default\">\n\t\t\t\t<div class=\"elementor-widget-container\">\n\t\t\t\t\t\t\t\t\t\t\t\t\t\t\t<img fetchpriority=\"high\" decoding=\"async\" width=\"387\" height=\"556\" src=\"https:\/\/www.in.yoga\/wp-content\/uploads\/2023\/09\/photo1692269817.jpg\" class=\"attachment-large size-large wp-image-65906\" alt=\"livre de yoga fran\u00e7ais\" srcset=\"https:\/\/www.in.yoga\/wp-content\/uploads\/2023\/09\/photo1692269817.jpg 387w, https:\/\/www.in.yoga\/wp-content\/uploads\/2023\/09\/photo1692269817-209x300.jpg 209w\" sizes=\"(max-width: 387px) 100vw, 387px\" style=\"width:100%;height:143.67%;max-width:387px\" \/>\t\t\t\t\t\t\t\t\t\t\t\t\t\t\t<\/div>\n\t\t\t\t<\/div>\n\t\t\t\t\t<\/div>\n\t\t<\/div>\n\t\t\t\t<div class=\"elementor-column elementor-col-33 elementor-top-column elementor-element elementor-element-e871a16\" data-id=\"e871a16\" data-element_type=\"column\" data-e-type=\"column\">\n\t\t\t<div class=\"elementor-widget-wrap elementor-element-populated\">\n\t\t\t\t\t\t<div class=\"elementor-element elementor-element-eb2e49e elementor-widget elementor-widget-heading\" data-id=\"eb2e49e\" data-element_type=\"widget\" data-e-type=\"widget\" data-widget_type=\"heading.default\">\n\t\t\t\t<div class=\"elementor-widget-container\">\n\t\t\t\t\t<h1 class=\"elementor-heading-title elementor-size-default\">Yoga: physiologie, psychosomatique et bio\u00e9nerg\u00e9tique<\/h1>\t\t\t\t<\/div>\n\t\t\t\t<\/div>\n\t\t\t\t<div class=\"elementor-element elementor-element-a65baf4 elementor-widget elementor-widget-text-editor\" data-id=\"a65baf4\" data-element_type=\"widget\" data-e-type=\"widget\" data-widget_type=\"text-editor.default\">\n\t\t\t\t<div class=\"elementor-widget-container\">\n\t\t\t\t\t\t\t\t\t<p>de \u0410ndriy Safronov<\/p>\t\t\t\t\t\t\t\t<\/div>\n\t\t\t\t<\/div>\n\t\t\t\t<div class=\"elementor-element elementor-element-2c5258c ekit-equal-height-disable elementor-widget elementor-widget-elementskit-image-box\" data-id=\"2c5258c\" data-element_type=\"widget\" data-e-type=\"widget\" data-widget_type=\"elementskit-image-box.default\">\n\t\t\t\t<div class=\"elementor-widget-container\">\n\t\t\t\t\t<div class=\"ekit-wid-con\" >\n            <div class=\"elementskit-info-image-box ekit-image-box text-left style-sideline\" >\n\n                \n                <div class=\"elementskit-box-header image-box-img-left\">\n\n                    \n                <\/div>\n                \n                <div class=\"elementskit-box-body ekit-image-box-body\">\n                    <div class=\"elementskit-box-content ekit-image-box-body-inner\">\n                                                                <div class=\"elementskit-box-style-content\">\n                        Ce livre est bas\u00e9 sur 19 ans de pratique du yoga et 14 ans d'enseignement de yoga et de gu\u00e9rison. Il contient plus de 300 images d'asanas : les phases d'entr\u00e9e et de sortie de celles-ci, le mouvement de l'\u00e9nergie, et les erreurs possibles lors de la pratique du hatha yoga. La structure du livre se compose de plusieurs niveaux, adapt\u00e9s aux lecteurs ayant une exp\u00e9rience diff\u00e9rente du yoga : des d\u00e9butants aux pratiquants avanc\u00e9s.<br><br>\n\nDans ce livre, vous apprendrez \u00e0 cr\u00e9er votre propre complexe de yoga, en fonction de votre \u00e9tat de sant\u00e9. Vous apprendrez les crit\u00e8res internes pour bien ex\u00e9cuter les asanas et comment obtenir des r\u00e9sultats pratiques de votre m\u00e9ditation.                    <\/div>\n                                    <\/div>\n\n                                <div class=\"elementskit-box-footer\">\n                    <div class=\"box-footer\">\n                        <div class=\"btn-wraper\">\n                                                            <a href=\"https:\/\/www.librinova.com\/librairie\/extrait\/andrey-safronov\/yoga-physiologie-psychosomatique-et-bioenergetique\" target=\"_blank\" class=\"elementskit-btn whitespace--normal\">\n                                    \n                                    \n                                    T\u00e9l\u00e9charger un extrait                                 <\/a>\n                                                        <\/div>\n                    <\/div>\n                <\/div>\n                            <\/div>\n            <\/div>\n    <\/div>\t\t\t\t<\/div>\n\t\t\t\t<\/div>\n\t\t\t\t<div class=\"elementor-element elementor-element-f385a98 ekit-equal-height-disable elementor-widget elementor-widget-elementskit-image-box\" data-id=\"f385a98\" data-element_type=\"widget\" data-e-type=\"widget\" data-widget_type=\"elementskit-image-box.default\">\n\t\t\t\t<div class=\"elementor-widget-container\">\n\t\t\t\t\t<div class=\"ekit-wid-con\" >\n            <div class=\"elementskit-info-image-box ekit-image-box text-left style-sideline\" >\n\n                \n                <div class=\"elementskit-box-header image-box-img-left\">\n\n                    \n                <\/div>\n                \n                <div class=\"elementskit-box-body ekit-image-box-body\">\n                    <div class=\"elementskit-box-content ekit-image-box-body-inner\">\n                                                            <\/div>\n\n                                <div class=\"elementskit-box-footer\">\n                    <div class=\"box-footer\">\n                        <div class=\"btn-wraper\">\n                                                            <a href=\"https:\/\/www.librinova.com\/librairie\/andrey-safronov\/yoga-physiologie-psychosomatique-et-bioenergetique\" target=\"_blank\" class=\"elementskit-btn whitespace--normal\">\n                                    Acheter un livre                                <\/a>\n                                                    <\/div>\n                    <\/div>\n                <\/div>\n                            <\/div>\n            <\/div>\n    <\/div>\t\t\t\t<\/div>\n\t\t\t\t<\/div>\n\t\t\t\t\t<\/div>\n\t\t<\/div>\n\t\t\t\t\t<\/div>\n\t\t<\/section>\n\t\t\t\t<\/div>\n\t\t","protected":false},"excerpt":{"rendered":"<p>Yoga: physiologie, psychosomatique et bio\u00e9nerg\u00e9tique de \u0410ndriy Safronov Ce livre est bas\u00e9 sur 19 ans de pratique du yoga et 14 ans d&rsquo;enseignement de yoga et de gu\u00e9rison. Il contient plus de 300 images d&rsquo;asanas : les phases d&rsquo;entr\u00e9e et de sortie de celles-ci, le mouvement de l&rsquo;\u00e9nergie, et les erreurs possibles lors de la&hellip; <a class=\"more-link\" href=\"https:\/\/www.in.yoga\/fr\/yoga-physiologie-psychosomatique-et-bioenergetique\/\">Continue reading <span class=\"screen-reader-text\">Yoga: physiologie, psychosomatique et bio\u00e9nerg\u00e9tique<\/span><\/a><\/p>\n","protected":false},"author":8,"featured_media":0,"parent":0,"menu_order":0,"comment_status":"closed","ping_status":"closed","template":"","meta":{"_monsterinsights_skip_tracking":false,"_monsterinsights_sitenote_active":false,"_monsterinsights_sitenote_note":"","_monsterinsights_sitenote_category":0,"footnotes":""},"class_list":["post-66305","page","type-page","status-publish","hentry","entry"],"aioseo_notices":[],"_links":{"self":[{"href":"https:\/\/www.in.yoga\/fr\/wp-json\/wp\/v2\/pages\/66305","targetHints":{"allow":["GET"]}}],"collection":[{"href":"https:\/\/www.in.yoga\/fr\/wp-json\/wp\/v2\/pages"}],"about":[{"href":"https:\/\/www.in.yoga\/fr\/wp-json\/wp\/v2\/types\/page"}],"author":[{"embeddable":true,"href":"https:\/\/www.in.yoga\/fr\/wp-json\/wp\/v2\/users\/8"}],"replies":[{"embeddable":true,"href":"https:\/\/www.in.yoga\/fr\/wp-json\/wp\/v2\/comments?post=66305"}],"version-history":[{"count":0,"href":"https:\/\/www.in.yoga\/fr\/wp-json\/wp\/v2\/pages\/66305\/revisions"}],"wp:attachment":[{"href":"https:\/\/www.in.yoga\/fr\/wp-json\/wp\/v2\/media?parent=66305"}],"curies":[{"name":"wp","href":"https:\/\/api.w.org\/{rel}","templated":true}]}}