{"id":154809,"date":"2023-08-17T12:57:31","date_gmt":"2023-08-17T12:57:31","guid":{"rendered":"https:\/\/www.in.yoga\/olena-tkachenko\/"},"modified":"2025-09-09T01:49:32","modified_gmt":"2025-09-09T01:49:32","slug":"elena-tkachenko","status":"publish","type":"page","link":"https:\/\/www.in.yoga\/fr\/elena-tkachenko\/","title":{"rendered":"Elena Tkachenko"},"content":{"rendered":"\t\t<div data-elementor-type=\"wp-post\" data-elementor-id=\"154809\" class=\"elementor elementor-154809\" data-elementor-post-type=\"page\">\n\t\t\t\t\t\t<section class=\"elementor-section elementor-top-section elementor-element elementor-element-610d0c55 elementor-section-boxed elementor-section-height-default elementor-section-height-default\" data-id=\"610d0c55\" data-element_type=\"section\" data-e-type=\"section\">\n\t\t\t\t\t\t<div class=\"elementor-container elementor-column-gap-default\">\n\t\t\t\t\t<div class=\"elementor-column elementor-col-100 elementor-top-column elementor-element elementor-element-1fdbf37c\" data-id=\"1fdbf37c\" data-element_type=\"column\" data-e-type=\"column\">\n\t\t\t<div class=\"elementor-widget-wrap elementor-element-populated\">\n\t\t\t\t\t\t<div class=\"elementor-element elementor-element-16a37d6 elementor-widget elementor-widget-spacer\" data-id=\"16a37d6\" data-element_type=\"widget\" data-e-type=\"widget\" data-widget_type=\"spacer.default\">\n\t\t\t\t<div class=\"elementor-widget-container\">\n\t\t\t\t\t\t\t<div class=\"elementor-spacer\">\n\t\t\t<div class=\"elementor-spacer-inner\"><\/div>\n\t\t<\/div>\n\t\t\t\t\t\t<\/div>\n\t\t\t\t<\/div>\n\t\t\t\t\t<\/div>\n\t\t<\/div>\n\t\t\t\t\t<\/div>\n\t\t<\/section>\n\t\t\t\t<section class=\"elementor-section elementor-top-section elementor-element elementor-element-7fcb1194 home_icon_box elementor-section-boxed elementor-section-height-default elementor-section-height-default\" data-id=\"7fcb1194\" data-element_type=\"section\" data-e-type=\"section\" data-settings=\"{&quot;animation&quot;:&quot;none&quot;}\">\n\t\t\t\t\t\t<div class=\"elementor-container elementor-column-gap-default\">\n\t\t\t\t\t<div class=\"elementor-column elementor-col-33 elementor-top-column elementor-element elementor-element-776e07d\" data-id=\"776e07d\" data-element_type=\"column\" data-e-type=\"column\">\n\t\t\t<div class=\"elementor-widget-wrap elementor-element-populated\">\n\t\t\t\t\t\t<div class=\"elementor-element elementor-element-bee25de elementor-widget elementor-widget-image\" data-id=\"bee25de\" data-element_type=\"widget\" data-e-type=\"widget\" data-widget_type=\"image.default\">\n\t\t\t\t<div class=\"elementor-widget-container\">\n\t\t\t\t\t\t\t\t\t\t\t\t\t\t\t<img fetchpriority=\"high\" decoding=\"async\" width=\"492\" height=\"600\" src=\"https:\/\/www.in.yoga\/wp-content\/uploads\/2023\/08\/eli_tkachenko.jpg\" class=\"attachment-large size-large wp-image-59444\" alt=\"Elena Tkachenko yoga Paris \u041e\u043b\u0435\u043d\u0430 \u0422\u043a\u0430\u0447\u0435\u043d\u043a\u043e \u0439\u043e\u0433\u0430 \u041f\u0430\u0440\u0438\u0436\" srcset=\"https:\/\/www.in.yoga\/wp-content\/uploads\/2023\/08\/eli_tkachenko.jpg 492w, https:\/\/www.in.yoga\/wp-content\/uploads\/2023\/08\/eli_tkachenko-246x300.jpg 246w\" sizes=\"(max-width: 492px) 100vw, 492px\" style=\"width:100%;height:121.95%;max-width:492px\" \/>\t\t\t\t\t\t\t\t\t\t\t\t\t\t\t<\/div>\n\t\t\t\t<\/div>\n\t\t\t\t\t<\/div>\n\t\t<\/div>\n\t\t\t\t<div class=\"elementor-column elementor-col-33 elementor-top-column elementor-element elementor-element-2d00c7b5\" data-id=\"2d00c7b5\" data-element_type=\"column\" data-e-type=\"column\">\n\t\t\t<div class=\"elementor-widget-wrap\">\n\t\t\t\t\t\t\t<\/div>\n\t\t<\/div>\n\t\t\t\t<div class=\"elementor-column elementor-col-33 elementor-top-column elementor-element elementor-element-1f1f1243\" data-id=\"1f1f1243\" data-element_type=\"column\" data-e-type=\"column\">\n\t\t\t<div class=\"elementor-widget-wrap elementor-element-populated\">\n\t\t\t\t\t\t<div class=\"elementor-element elementor-element-5d92517d elementor-widget elementor-widget-heading\" data-id=\"5d92517d\" data-element_type=\"widget\" data-e-type=\"widget\" data-widget_type=\"heading.default\">\n\t\t\t\t<div class=\"elementor-widget-container\">\n\t\t\t\t\t<h1 class=\"elementor-heading-title elementor-size-default\">Elena Tkachenko<\/h1>\t\t\t\t<\/div>\n\t\t\t\t<\/div>\n\t\t\t\t<div class=\"elementor-element elementor-element-e82c4cf elementor-widget elementor-widget-spacer\" data-id=\"e82c4cf\" data-element_type=\"widget\" data-e-type=\"widget\" data-widget_type=\"spacer.default\">\n\t\t\t\t<div class=\"elementor-widget-container\">\n\t\t\t\t\t\t\t<div class=\"elementor-spacer\">\n\t\t\t<div class=\"elementor-spacer-inner\"><\/div>\n\t\t<\/div>\n\t\t\t\t\t\t<\/div>\n\t\t\t\t<\/div>\n\t\t\t\t<div class=\"elementor-element elementor-element-1c28931 ekit-equal-height-disable elementor-widget elementor-widget-elementskit-image-box\" data-id=\"1c28931\" data-element_type=\"widget\" data-e-type=\"widget\" data-widget_type=\"elementskit-image-box.default\">\n\t\t\t\t<div class=\"elementor-widget-container\">\n\t\t\t\t\t<div class=\"ekit-wid-con\" >\n            <div class=\"elementskit-info-image-box ekit-image-box text-left style-sideline\" >\n\n                \n                <div class=\"elementskit-box-header image-box-img-left\">\n\n                    \n                <\/div>\n                \n                <div class=\"elementskit-box-body ekit-image-box-body\">\n                    <div class=\"elementskit-box-content ekit-image-box-body-inner\">\n                                                                <div class=\"elementskit-box-style-content\">\n                        Je m'appelle Elena Tkachenko. Je suis instructrice-m\u00e9thodologue avec une exp\u00e9rience de 21 ann\u00e9es dans la pratique et l'enseignement \u00e0 la F\u00e9d\u00e9ration de Yoga, membre de Yoga Alliance et Union Europ\u00e9enne de Yoga, responsable de YOGA \u00c9VOLUTION - Ecole Internationale - Paris. <br><br>J\u2019ai \u00e9tudi\u00e9 le yoga, le massage tha\u00eflandais, l'Ayurveda, le sanskrit en Inde, en Tha\u00eflande et au Tibet. <br><br>Je suis psychologue, \u00e9sot\u00e9riste, voyageuse.                    <\/div>\n                                    <\/div>\n\n                            <\/div>\n            <\/div>\n    <\/div>\t\t\t\t<\/div>\n\t\t\t\t<\/div>\n\t\t\t\t<section class=\"elementor-section elementor-inner-section elementor-element elementor-element-b303ed9 elementor-section-boxed elementor-section-height-default elementor-section-height-default\" data-id=\"b303ed9\" data-element_type=\"section\" data-e-type=\"section\">\n\t\t\t\t\t\t<div class=\"elementor-container elementor-column-gap-default\">\n\t\t\t\t\t<div class=\"elementor-column elementor-col-100 elementor-inner-column elementor-element elementor-element-2cfc6c8\" data-id=\"2cfc6c8\" data-element_type=\"column\" data-e-type=\"column\">\n\t\t\t<div class=\"elementor-widget-wrap elementor-element-populated\">\n\t\t\t\t\t\t<div class=\"elementor-element elementor-element-ead7949 elementor-shape-rounded elementor-grid-0 elementor-widget elementor-widget-social-icons\" data-id=\"ead7949\" data-element_type=\"widget\" data-e-type=\"widget\" data-widget_type=\"social-icons.default\">\n\t\t\t\t<div class=\"elementor-widget-container\">\n\t\t\t\t\t\t\t<div class=\"elementor-social-icons-wrapper elementor-grid\" role=\"list\">\n\t\t\t\t\t\t\t<span class=\"elementor-grid-item\" role=\"listitem\">\n\t\t\t\t\t<a class=\"elementor-icon elementor-social-icon elementor-social-icon-telegram-plane elementor-repeater-item-a888f1e\" href=\"https:\/\/t.me\/yogaevolutionfrance\" target=\"_blank\">\n\t\t\t\t\t\t<span class=\"elementor-screen-only\">Telegram-plane<\/span>\n\t\t\t\t\t\t<i aria-hidden=\"true\" class=\"fab fa-telegram-plane\"><\/i>\t\t\t\t\t<\/a>\n\t\t\t\t<\/span>\n\t\t\t\t\t\t\t<span class=\"elementor-grid-item\" role=\"listitem\">\n\t\t\t\t\t<a class=\"elementor-icon elementor-social-icon elementor-social-icon-instagram elementor-repeater-item-57e1fb2\" href=\"https:\/\/www.instagram.com\/eli.tkachenko\/\" target=\"_blank\">\n\t\t\t\t\t\t<span class=\"elementor-screen-only\">Instagram<\/span>\n\t\t\t\t\t\t<i aria-hidden=\"true\" class=\"fab fa-instagram\"><\/i>\t\t\t\t\t<\/a>\n\t\t\t\t<\/span>\n\t\t\t\t\t\t\t<span class=\"elementor-grid-item\" role=\"listitem\">\n\t\t\t\t\t<a class=\"elementor-icon elementor-social-icon elementor-social-icon-facebook-f elementor-repeater-item-2a1f42b\" href=\"https:\/\/www.facebook.com\/elena.tkachenko.7509\" target=\"_blank\">\n\t\t\t\t\t\t<span class=\"elementor-screen-only\">Facebook-f<\/span>\n\t\t\t\t\t\t<i aria-hidden=\"true\" class=\"fab fa-facebook-f\"><\/i>\t\t\t\t\t<\/a>\n\t\t\t\t<\/span>\n\t\t\t\t\t<\/div>\n\t\t\t\t\t\t<\/div>\n\t\t\t\t<\/div>\n\t\t\t\t\t<\/div>\n\t\t<\/div>\n\t\t\t\t\t<\/div>\n\t\t<\/section>\n\t\t\t\t\t<\/div>\n\t\t<\/div>\n\t\t\t\t\t<\/div>\n\t\t<\/section>\n\t\t\t\t<section class=\"elementor-section elementor-top-section elementor-element elementor-element-b814361 elementor-section-height-default elementor-section-boxed elementor-section-height-default\" data-id=\"b814361\" data-element_type=\"section\" data-e-type=\"section\">\n\t\t\t\t\t\t<div class=\"elementor-container elementor-column-gap-default\">\n\t\t\t\t\t<div class=\"elementor-column elementor-col-100 elementor-inner-column elementor-element elementor-element-7f111673\" data-id=\"7f111673\" data-element_type=\"column\" data-e-type=\"column\">\n\t\t\t<div class=\"elementor-widget-wrap elementor-element-populated\">\n\t\t\t\t\t\t<div class=\"elementor-element elementor-element-028bcac elementor-widget elementor-widget-spacer\" data-id=\"028bcac\" data-element_type=\"widget\" data-e-type=\"widget\" data-widget_type=\"spacer.default\">\n\t\t\t\t<div class=\"elementor-widget-container\">\n\t\t\t\t\t\t\t<div class=\"elementor-spacer\">\n\t\t\t<div class=\"elementor-spacer-inner\"><\/div>\n\t\t<\/div>\n\t\t\t\t\t\t<\/div>\n\t\t\t\t<\/div>\n\t\t\t\t\t<\/div>\n\t\t<\/div>\n\t\t\t\t\t<\/div>\n\t\t<\/section>\n\t\t\t\t<section class=\"elementor-section elementor-top-section elementor-element elementor-element-bd6cbed elementor-section-boxed elementor-section-height-default elementor-section-height-default\" data-id=\"bd6cbed\" data-element_type=\"section\" data-e-type=\"section\">\n\t\t\t\t\t\t<div class=\"elementor-container elementor-column-gap-default\">\n\t\t\t\t\t<div class=\"elementor-column elementor-col-100 elementor-top-column elementor-element elementor-element-bed5af3\" data-id=\"bed5af3\" data-element_type=\"column\" data-e-type=\"column\">\n\t\t\t<div class=\"elementor-widget-wrap elementor-element-populated\">\n\t\t\t\t\t\t<div class=\"elementor-element elementor-element-640479f elementor-widget elementor-widget-elementskit-heading\" data-id=\"640479f\" data-element_type=\"widget\" data-e-type=\"widget\" data-widget_type=\"elementskit-heading.default\">\n\t\t\t\t<div class=\"elementor-widget-container\">\n\t\t\t\t\t<div class=\"ekit-wid-con\" ><div class=\"ekit-heading elementskit-section-title-wraper text_left   ekit_heading_tablet-   ekit_heading_mobile-\"><h2 class=\"ekit-heading--title elementskit-section-title \">Cours de Yoga \u00e0 Paris &amp; Le Mans<\/h2><div class=\"ekit_heading_separetor_wraper ekit_heading_elementskit-border-divider elementskit-style-long\"><div class=\"elementskit-border-divider elementskit-style-long\"><\/div><\/div><\/div><\/div>\t\t\t\t<\/div>\n\t\t\t\t<\/div>\n\t\t\t\t<section class=\"elementor-section elementor-inner-section elementor-element elementor-element-779e43f elementor-section-boxed elementor-section-height-default elementor-section-height-default\" data-id=\"779e43f\" data-element_type=\"section\" data-e-type=\"section\">\n\t\t\t\t\t\t<div class=\"elementor-container elementor-column-gap-default\">\n\t\t\t\t\t<div class=\"elementor-column elementor-col-50 elementor-inner-column elementor-element elementor-element-2a42e2e\" data-id=\"2a42e2e\" data-element_type=\"column\" data-e-type=\"column\">\n\t\t\t<div class=\"elementor-widget-wrap elementor-element-populated\">\n\t\t\t\t\t\t<div class=\"elementor-element elementor-element-e57d1de elementor-widget elementor-widget-heading\" data-id=\"e57d1de\" data-element_type=\"widget\" data-e-type=\"widget\" data-widget_type=\"heading.default\">\n\t\t\t\t<div class=\"elementor-widget-container\">\n\t\t\t\t\t<h2 class=\"elementor-heading-title elementor-size-default\">Paris\u00a0<\/h2>\t\t\t\t<\/div>\n\t\t\t\t<\/div>\n\t\t\t\t<div class=\"elementor-element elementor-element-7a2acb7 elementor-widget elementor-widget-text-editor\" data-id=\"7a2acb7\" data-element_type=\"widget\" data-e-type=\"widget\" data-widget_type=\"text-editor.default\">\n\t\t\t\t<div class=\"elementor-widget-container\">\n\t\t\t\t\t\t\t\t\t<p>Cours de yoga r\u00e9gulier pour d\u00e9butants<\/p><p>\u2022 le dimanche \u00e0 16H00<\/p><p>\u2022 au c\u0153ur de Paris (m\u00e9tro Ch\u00e2telet)<\/p>\t\t\t\t\t\t\t\t<\/div>\n\t\t\t\t<\/div>\n\t\t\t\t<div class=\"elementor-element elementor-element-5004416 elementor-widget elementor-widget-button\" data-id=\"5004416\" data-element_type=\"widget\" data-e-type=\"widget\" data-widget_type=\"button.default\">\n\t\t\t\t<div class=\"elementor-widget-container\">\n\t\t\t\t\t\t\t\t\t<div class=\"elementor-button-wrapper\">\n\t\t\t\t\t<a class=\"elementor-button elementor-button-link elementor-size-sm\" href=\"https:\/\/docs.google.com\/forms\/d\/e\/1FAIpQLSe2csDBDWSDneWroBQv6rUwaZST3MgaisGb89oDdoPE8Bo47g\/viewform\">\n\t\t\t\t\t\t<span class=\"elementor-button-content-wrapper\">\n\t\t\t\t\t\t\t\t\t<span class=\"elementor-button-text\">Inscription sur le lien<\/span>\n\t\t\t\t\t<\/span>\n\t\t\t\t\t<\/a>\n\t\t\t\t<\/div>\n\t\t\t\t\t\t\t\t<\/div>\n\t\t\t\t<\/div>\n\t\t\t\t\t<\/div>\n\t\t<\/div>\n\t\t\t\t<div class=\"elementor-column elementor-col-50 elementor-inner-column elementor-element elementor-element-c65383c\" data-id=\"c65383c\" data-element_type=\"column\" data-e-type=\"column\">\n\t\t\t<div class=\"elementor-widget-wrap elementor-element-populated\">\n\t\t\t\t\t\t<div class=\"elementor-element elementor-element-c6d910e elementor-widget elementor-widget-heading\" data-id=\"c6d910e\" data-element_type=\"widget\" data-e-type=\"widget\" data-widget_type=\"heading.default\">\n\t\t\t\t<div class=\"elementor-widget-container\">\n\t\t\t\t\t<h2 class=\"elementor-heading-title elementor-size-default\">Le Mans<\/h2>\t\t\t\t<\/div>\n\t\t\t\t<\/div>\n\t\t\t\t<div class=\"elementor-element elementor-element-b5e5856 elementor-widget elementor-widget-text-editor\" data-id=\"b5e5856\" data-element_type=\"widget\" data-e-type=\"widget\" data-widget_type=\"text-editor.default\">\n\t\t\t\t<div class=\"elementor-widget-container\">\n\t\t\t\t\t\t\t\t\t<p>Cours de yoga r\u00e9gulier pour d\u00e9butants<\/p><p>\u2022 le mercredi \u00e0 19h30<\/p><p>\u2022 10 rue du Nord ( quartier Jardin des Plantes )<\/p>\t\t\t\t\t\t\t\t<\/div>\n\t\t\t\t<\/div>\n\t\t\t\t<div class=\"elementor-element elementor-element-b1dcdb8 elementor-widget elementor-widget-button\" data-id=\"b1dcdb8\" data-element_type=\"widget\" data-e-type=\"widget\" data-widget_type=\"button.default\">\n\t\t\t\t<div class=\"elementor-widget-container\">\n\t\t\t\t\t\t\t\t\t<div class=\"elementor-button-wrapper\">\n\t\t\t\t\t<a class=\"elementor-button elementor-button-link elementor-size-sm\" href=\"https:\/\/docs.google.com\/forms\/d\/e\/1FAIpQLScX23Cnyprls3sKbElNmUOjIyW9cDIQW-SNsU8a4PPnLPQL2g\/viewform\">\n\t\t\t\t\t\t<span class=\"elementor-button-content-wrapper\">\n\t\t\t\t\t\t\t\t\t<span class=\"elementor-button-text\">Inscription sur le lien<\/span>\n\t\t\t\t\t<\/span>\n\t\t\t\t\t<\/a>\n\t\t\t\t<\/div>\n\t\t\t\t\t\t\t\t<\/div>\n\t\t\t\t<\/div>\n\t\t\t\t\t<\/div>\n\t\t<\/div>\n\t\t\t\t\t<\/div>\n\t\t<\/section>\n\t\t\t\t\t<\/div>\n\t\t<\/div>\n\t\t\t\t\t<\/div>\n\t\t<\/section>\n\t\t\t\t<section class=\"elementor-section elementor-top-section elementor-element elementor-element-d55da95 elementor-section-height-default elementor-section-boxed elementor-section-height-default\" data-id=\"d55da95\" data-element_type=\"section\" data-e-type=\"section\">\n\t\t\t\t\t\t<div class=\"elementor-container elementor-column-gap-default\">\n\t\t\t\t\t<div class=\"elementor-column elementor-col-100 elementor-inner-column elementor-element elementor-element-6e05b45\" data-id=\"6e05b45\" data-element_type=\"column\" data-e-type=\"column\">\n\t\t\t<div class=\"elementor-widget-wrap elementor-element-populated\">\n\t\t\t\t\t\t<div class=\"elementor-element elementor-element-53fa49d elementor-widget elementor-widget-spacer\" data-id=\"53fa49d\" data-element_type=\"widget\" data-e-type=\"widget\" data-widget_type=\"spacer.default\">\n\t\t\t\t<div class=\"elementor-widget-container\">\n\t\t\t\t\t\t\t<div class=\"elementor-spacer\">\n\t\t\t<div class=\"elementor-spacer-inner\"><\/div>\n\t\t<\/div>\n\t\t\t\t\t\t<\/div>\n\t\t\t\t<\/div>\n\t\t\t\t\t<\/div>\n\t\t<\/div>\n\t\t\t\t\t<\/div>\n\t\t<\/section>\n\t\t\t\t<section class=\"elementor-section elementor-top-section elementor-element elementor-element-b1a1529 elementor-section-boxed elementor-section-height-default elementor-section-height-default\" data-id=\"b1a1529\" data-element_type=\"section\" data-e-type=\"section\">\n\t\t\t\t\t\t<div class=\"elementor-container elementor-column-gap-default\">\n\t\t\t\t\t<div class=\"elementor-column elementor-col-100 elementor-top-column elementor-element elementor-element-d29d27c\" data-id=\"d29d27c\" data-element_type=\"column\" data-e-type=\"column\">\n\t\t\t<div class=\"elementor-widget-wrap elementor-element-populated\">\n\t\t\t\t\t\t<section class=\"elementor-section elementor-inner-section elementor-element elementor-element-acb5f75 elementor-section-boxed elementor-section-height-default elementor-section-height-default\" data-id=\"acb5f75\" data-element_type=\"section\" data-e-type=\"section\">\n\t\t\t\t\t\t<div class=\"elementor-container elementor-column-gap-default\">\n\t\t\t\t\t<div class=\"elementor-column elementor-col-50 elementor-inner-column elementor-element elementor-element-fa4b030\" data-id=\"fa4b030\" data-element_type=\"column\" data-e-type=\"column\">\n\t\t\t<div class=\"elementor-widget-wrap elementor-element-populated\">\n\t\t\t\t\t\t<div class=\"elementor-element elementor-element-071120a elementor-widget elementor-widget-text-editor\" data-id=\"071120a\" data-element_type=\"widget\" data-e-type=\"widget\" data-widget_type=\"text-editor.default\">\n\t\t\t\t<div class=\"elementor-widget-container\">\n\t\t\t\t\t\t\t\t\t<p>Le Yoga\ud83e\uddd8\u200d\u2640\ufe0f ne consiste pas seulement \u00e0 avoir un corps sain et beau.<\/p><p>Le Yoga c&rsquo;est aussi :<br \/>&#8211; Des techniques d&rsquo;augmentatiion d&rsquo;\u00e9nergie ;<br \/>&#8211; Des pratiques de r\u00e9sistance au stress ;<br \/>&#8211; L&rsquo;art d&rsquo;interagir harmonieusement avec le monde ext\u00e9rieur ;<br \/>&#8211; Une philosophie d&rsquo;un mode de vie conscient ;<br \/>&#8211; Une voie de d\u00e9veloppement personnel.<\/p><p>Le yoga est important pour la sant\u00e9, la vigueur et la souplesse du corps \ud83e\uddd8\u200d\u2640\ufe0f<\/p><p>C&rsquo;est un \u00e9tat d&rsquo;esprit positif et bienveillant \ud83c\udf1d<\/p><p>Le yoga permet d\u2019aborder la vie dans l&rsquo;\u00e9tat \u00ab Ici \u00bb et \u00ab Maintenant \u00bb, et donne la capacit\u00e9 de g\u00e9rer ses pens\u00e9es et ses \u00e9motions, d&rsquo;\u00eatre en harmonie avec le monde \ud83c\udf0e et de rencontrer de nouveaux amis agr\u00e9ables \ud83d\ude0a\u2764\ufe0f<\/p>\t\t\t\t\t\t\t\t<\/div>\n\t\t\t\t<\/div>\n\t\t\t\t\t<\/div>\n\t\t<\/div>\n\t\t\t\t<div class=\"elementor-column elementor-col-50 elementor-inner-column elementor-element elementor-element-55de575\" data-id=\"55de575\" data-element_type=\"column\" data-e-type=\"column\">\n\t\t\t<div class=\"elementor-widget-wrap elementor-element-populated\">\n\t\t\t\t\t\t<div class=\"elementor-element elementor-element-975a818 elementor-widget elementor-widget-text-editor\" data-id=\"975a818\" data-element_type=\"widget\" data-e-type=\"widget\" data-widget_type=\"text-editor.default\">\n\t\t\t\t<div class=\"elementor-widget-container\">\n\t\t\t\t\t\t\t\t\t<p><b>Programme de l\u2019Ecole Internationale \u00abYOGA \u00c9VOLUTION\u00bb :<\/b><\/p><p>1. Am\u00e9lioration du corps physique \u00e0 l&rsquo;aide d&rsquo;asanas, pranayamas, bandhas, kriyas et autres techniques, s\u00e9lection d&rsquo;un complexe individuel.\u00a0<\/p><p>2. Proc\u00e9dures de nettoyage.<\/p><p>3. Connexion entre corps et \u00e9motions, psychosomatique.<\/p><p>4. Techniques de m\u00e9ditation : concentration, compactage, expansion de conscience.<\/p><p>5. Formations en communication, \u00e9tude des m\u00e9thodes de protection psychologique et de r\u00e9sistance au stress.<\/p><p>6. Introduction \u00e0 la th\u00e9orie du syst\u00e8me des chakras et aux m\u00e9thodes de d\u00e9veloppement des chakras.<\/p><p>7. R\u00e9soudre des situations de vie probl\u00e9matiques et trouver des r\u00e9ponses aux questions : Qui suis-je ? Quel est mon Chemin? Quel est le sens de la vie ? Comment devenir heureux ?<\/p>\t\t\t\t\t\t\t\t<\/div>\n\t\t\t\t<\/div>\n\t\t\t\t\t<\/div>\n\t\t<\/div>\n\t\t\t\t\t<\/div>\n\t\t<\/section>\n\t\t\t\t\t<\/div>\n\t\t<\/div>\n\t\t\t\t\t<\/div>\n\t\t<\/section>\n\t\t\t\t<section class=\"elementor-section elementor-top-section elementor-element elementor-element-0e2fd3f elementor-section-boxed elementor-section-height-default elementor-section-height-default\" data-id=\"0e2fd3f\" data-element_type=\"section\" data-e-type=\"section\">\n\t\t\t\t\t\t<div class=\"elementor-container elementor-column-gap-default\">\n\t\t\t\t\t<div class=\"elementor-column elementor-col-100 elementor-top-column elementor-element elementor-element-a564c0a\" data-id=\"a564c0a\" data-element_type=\"column\" data-e-type=\"column\">\n\t\t\t<div class=\"elementor-widget-wrap\">\n\t\t\t\t\t\t\t<\/div>\n\t\t<\/div>\n\t\t\t\t\t<\/div>\n\t\t<\/section>\n\t\t\t\t<\/div>\n\t\t","protected":false},"excerpt":{"rendered":"<p>Elena Tkachenko Je m&rsquo;appelle Elena Tkachenko. Je suis instructrice-m\u00e9thodologue avec une exp\u00e9rience de 21 ann\u00e9es dans la pratique et l&rsquo;enseignement \u00e0 la F\u00e9d\u00e9ration de Yoga, membre de Yoga Alliance et Union Europ\u00e9enne de Yoga, responsable de YOGA \u00c9VOLUTION &#8211; Ecole Internationale &#8211; Paris. J\u2019ai \u00e9tudi\u00e9 le yoga, le massage tha\u00eflandais, l&rsquo;Ayurveda, le sanskrit en Inde,&hellip; <a class=\"more-link\" href=\"https:\/\/www.in.yoga\/fr\/elena-tkachenko\/\">Continue reading <span class=\"screen-reader-text\">Elena Tkachenko<\/span><\/a><\/p>\n","protected":false},"author":8,"featured_media":0,"parent":0,"menu_order":0,"comment_status":"closed","ping_status":"closed","template":"elementor_header_footer","meta":{"_monsterinsights_skip_tracking":false,"_monsterinsights_sitenote_active":false,"_monsterinsights_sitenote_note":"","_monsterinsights_sitenote_category":0,"footnotes":""},"class_list":["post-154809","page","type-page","status-publish","hentry","entry"],"aioseo_notices":[],"_links":{"self":[{"href":"https:\/\/www.in.yoga\/fr\/wp-json\/wp\/v2\/pages\/154809","targetHints":{"allow":["GET"]}}],"collection":[{"href":"https:\/\/www.in.yoga\/fr\/wp-json\/wp\/v2\/pages"}],"about":[{"href":"https:\/\/www.in.yoga\/fr\/wp-json\/wp\/v2\/types\/page"}],"author":[{"embeddable":true,"href":"https:\/\/www.in.yoga\/fr\/wp-json\/wp\/v2\/users\/8"}],"replies":[{"embeddable":true,"href":"https:\/\/www.in.yoga\/fr\/wp-json\/wp\/v2\/comments?post=154809"}],"version-history":[{"count":0,"href":"https:\/\/www.in.yoga\/fr\/wp-json\/wp\/v2\/pages\/154809\/revisions"}],"wp:attachment":[{"href":"https:\/\/www.in.yoga\/fr\/wp-json\/wp\/v2\/media?parent=154809"}],"curies":[{"name":"wp","href":"https:\/\/api.w.org\/{rel}","templated":true}]}}